{"id":1529,"date":"2025-08-26T23:20:29","date_gmt":"2025-08-26T20:20:29","guid":{"rendered":"http:\/\/mindformers.ro\/regulamentul-festivalului\/"},"modified":"2025-08-27T00:09:49","modified_gmt":"2025-08-26T21:09:49","slug":"regulamentul-festivalului","status":"publish","type":"page","link":"https:\/\/mindformers.ro\/ro\/regulamentul-festivalului\/","title":{"rendered":"Regulamentul festivalului"},"content":{"rendered":"<style>.kb-row-layout-id1517_f6eb8a-8e > .kt-row-column-wrap{align-content:start;}:where(.kb-row-layout-id1517_f6eb8a-8e > .kt-row-column-wrap) > .wp-block-kadence-column{justify-content:start;}.kb-row-layout-id1517_f6eb8a-8e > .kt-row-column-wrap{column-gap:var(--global-kb-gap-md, 2rem);row-gap:var(--global-kb-gap-none, 0rem );max-width:var( --global-content-width, 1280px );padding-left:var(--global-content-edge-padding);padding-right:var(--global-content-edge-padding);padding-top:var(--global-kb-spacing-sm, 1.5rem);padding-bottom:var(--global-kb-spacing-sm, 1.5rem);min-height:523px;grid-template-columns:minmax(0, 1fr);}.kb-row-layout-id1517_f6eb8a-8e > .kt-row-layout-overlay{opacity:1;background-image:url('http:\/\/mindformers.ro\/wp-content\/uploads\/2025\/07\/mf-hatter.png');background-size:contain;background-position:50% 0%;background-attachment:scroll;background-repeat:no-repeat;}@media all and (max-width: 1024px){.kb-row-layout-id1517_f6eb8a-8e > .kt-row-column-wrap{min-height:400px;grid-template-columns:minmax(0, 1fr);}}@media all and (max-width: 767px){.kb-row-layout-id1517_f6eb8a-8e > .kt-row-column-wrap{min-height:300px;grid-template-columns:minmax(0, 1fr);}.kb-row-layout-id1517_f6eb8a-8e > .kt-row-layout-overlay{opacity:0.30;background-image:url('http:\/\/mindformers.ro\/wp-content\/uploads\/2025\/07\/Group-8.png');background-size:cover;background-position:center center;background-attachment:scroll;background-repeat:no-repeat;}}<\/style><div class=\"kb-row-layout-wrap kb-row-layout-id1517_f6eb8a-8e alignnone has-theme-palette1-background-color kt-row-has-bg wp-block-kadence-rowlayout\"><div class=\"kt-row-layout-overlay kt-row-overlay-normal\"><\/div><div class=\"kt-row-column-wrap kt-has-1-columns kt-row-layout-equal kt-tab-layout-inherit kt-mobile-layout-row kt-row-valign-top kb-theme-content-width\">\n<style>.kadence-column1517_3a3cfc-3c > .kt-inside-inner-col{display:flex;}.kadence-column1517_3a3cfc-3c > .kt-inside-inner-col,.kadence-column1517_3a3cfc-3c > .kt-inside-inner-col:before{border-top-left-radius:0px;border-top-right-radius:0px;border-bottom-right-radius:0px;border-bottom-left-radius:0px;}.kadence-column1517_3a3cfc-3c > .kt-inside-inner-col{column-gap:var(--global-kb-gap-sm, 1rem);}.kadence-column1517_3a3cfc-3c > .kt-inside-inner-col{flex-direction:column;justify-content:center;}.kadence-column1517_3a3cfc-3c > .kt-inside-inner-col > .aligncenter{width:100%;}.kt-row-column-wrap > .kadence-column1517_3a3cfc-3c{align-self:center;}.kt-inner-column-height-full:not(.kt-has-1-columns) > .wp-block-kadence-column.kadence-column1517_3a3cfc-3c{align-self:auto;}.kt-inner-column-height-full:not(.kt-has-1-columns) > .wp-block-kadence-column.kadence-column1517_3a3cfc-3c > .kt-inside-inner-col{flex-direction:column;justify-content:center;}.kadence-column1517_3a3cfc-3c > .kt-inside-inner-col:before{opacity:0.3;}.kadence-column1517_3a3cfc-3c{position:relative;}@media all and (max-width: 1024px){.kt-row-column-wrap > .kadence-column1517_3a3cfc-3c{align-self:center;}}@media all and (max-width: 1024px){.kt-inner-column-height-full:not(.kt-has-1-columns) > .wp-block-kadence-column.kadence-column1517_3a3cfc-3c{align-self:auto;}}@media all and (max-width: 1024px){.kt-inner-column-height-full:not(.kt-has-1-columns) > .wp-block-kadence-column.kadence-column1517_3a3cfc-3c > .kt-inside-inner-col{flex-direction:column;justify-content:center;}}@media all and (max-width: 1024px){.kadence-column1517_3a3cfc-3c > .kt-inside-inner-col{flex-direction:column;justify-content:center;}}@media all and (max-width: 767px){.kt-row-column-wrap > .kadence-column1517_3a3cfc-3c{align-self:flex-start;}.kt-inner-column-height-full:not(.kt-has-1-columns) > .wp-block-kadence-column.kadence-column1517_3a3cfc-3c{align-self:auto;}.kt-inner-column-height-full:not(.kt-has-1-columns) > .wp-block-kadence-column.kadence-column1517_3a3cfc-3c > .kt-inside-inner-col{flex-direction:column;justify-content:flex-start;}.kadence-column1517_3a3cfc-3c > .kt-inside-inner-col{flex-direction:column;justify-content:flex-start;}}<\/style>\n<div class=\"wp-block-kadence-column kadence-column1517_3a3cfc-3c\"><div class=\"kt-inside-inner-col\"><style>.wp-block-kadence-image.kb-image1517_21405e-21:not(.kb-specificity-added):not(.kb-extra-specificity-added){margin-top:157px;}.kb-image1517_21405e-21.kb-image-is-ratio-size, .kb-image1517_21405e-21 .kb-image-is-ratio-size{max-width:809px;width:100%;}.wp-block-kadence-column > .kt-inside-inner-col > .kb-image1517_21405e-21.kb-image-is-ratio-size, .wp-block-kadence-column > .kt-inside-inner-col > .kb-image1517_21405e-21 .kb-image-is-ratio-size{align-self:unset;}.kb-image1517_21405e-21 figure{max-width:809px;}.kb-image1517_21405e-21 .image-is-svg, .kb-image1517_21405e-21 .image-is-svg img{width:100%;}.kb-image1517_21405e-21 .kb-image-has-overlay:after{opacity:0.3;}@media all and (max-width: 767px){.kb-image1517_21405e-21:not(.kb-image-is-ratio-size) .kb-img, .kb-image1517_21405e-21.kb-image-is-ratio-size{padding-top:var(--global-kb-spacing-lg, 3rem);}}<\/style>\n<div class=\"wp-block-kadence-image kb-image1517_21405e-21 o-anim-offset-500px\"><figure class=\"aligncenter\"><img loading=\"lazy\" decoding=\"async\" width=\"1200\" height=\"402\" src=\"http:\/\/mindformers.ro\/wp-content\/uploads\/2025\/07\/mf-ht-logo-wh.png\" alt=\"Mf ht logo wh\" class=\"kb-img wp-image-364\" srcset=\"https:\/\/mindformers.ro\/wp-content\/uploads\/2025\/07\/mf-ht-logo-wh.png 1200w, https:\/\/mindformers.ro\/wp-content\/uploads\/2025\/07\/mf-ht-logo-wh-300x101.png 300w, https:\/\/mindformers.ro\/wp-content\/uploads\/2025\/07\/mf-ht-logo-wh-1024x343.png 1024w, https:\/\/mindformers.ro\/wp-content\/uploads\/2025\/07\/mf-ht-logo-wh-768x257.png 768w\" sizes=\"auto, (max-width: 1200px) 100vw, 1200px\" \/><\/figure><\/div>\n\n\n<style>.wp-block-kadence-image.kb-image1517_ad78ef-1d:not(.kb-specificity-added):not(.kb-extra-specificity-added) > figure{margin-top:-140px;margin-right:170px;}.kb-image1517_ad78ef-1d.kb-image-is-ratio-size, .kb-image1517_ad78ef-1d .kb-image-is-ratio-size{max-width:314px;width:100%;}.wp-block-kadence-column > .kt-inside-inner-col > .kb-image1517_ad78ef-1d.kb-image-is-ratio-size, .wp-block-kadence-column > .kt-inside-inner-col > .kb-image1517_ad78ef-1d .kb-image-is-ratio-size{align-self:unset;}.kb-image1517_ad78ef-1d figure{max-width:314px;}.kb-image1517_ad78ef-1d .image-is-svg, .kb-image1517_ad78ef-1d .image-is-svg img{width:100%;}.kb-image1517_ad78ef-1d .kb-image-has-overlay:after{opacity:0.3;}@media all and (max-width: 767px){.wp-block-kadence-image.kb-image1517_ad78ef-1d:not(.kb-specificity-added):not(.kb-extra-specificity-added) > figure{margin-top:-80px;margin-right:1px;margin-left:1px;}.kb-image1517_ad78ef-1d.kb-image-is-ratio-size, .kb-image1517_ad78ef-1d .kb-image-is-ratio-size{max-width:150px;width:100%;}.kb-image1517_ad78ef-1d figure{max-width:150px;}.kb-image1517_ad78ef-1d:not(.kb-image-is-ratio-size) .kb-img, .kb-image1517_ad78ef-1d.kb-image-is-ratio-size{padding-top:var(--global-kb-spacing-sm, 1.5rem);}}<\/style>\n<div class=\"wp-block-kadence-image kb-image1517_ad78ef-1d\"><figure class=\"alignright\"><img loading=\"lazy\" decoding=\"async\" width=\"1200\" height=\"485\" src=\"http:\/\/mindformers.ro\/wp-content\/uploads\/2025\/07\/mf-datum-hely.png\" alt=\"Mf datum hely\" class=\"kb-img wp-image-363\" srcset=\"https:\/\/mindformers.ro\/wp-content\/uploads\/2025\/07\/mf-datum-hely.png 1200w, https:\/\/mindformers.ro\/wp-content\/uploads\/2025\/07\/mf-datum-hely-300x121.png 300w, https:\/\/mindformers.ro\/wp-content\/uploads\/2025\/07\/mf-datum-hely-1024x414.png 1024w, https:\/\/mindformers.ro\/wp-content\/uploads\/2025\/07\/mf-datum-hely-768x310.png 768w\" sizes=\"auto, (max-width: 1200px) 100vw, 1200px\" \/><\/figure><\/div>\n<\/div><\/div>\n\n<\/div><\/div><style>.kb-row-layout-id1517_d072d0-ee > .kt-row-column-wrap{align-content:start;}:where(.kb-row-layout-id1517_d072d0-ee > .kt-row-column-wrap) > .wp-block-kadence-column{justify-content:start;}.kb-row-layout-id1517_d072d0-ee > .kt-row-column-wrap{column-gap:var(--global-kb-gap-md, 2rem);row-gap:var(--global-kb-gap-md, 2rem);max-width:var( --global-content-width, 1280px );padding-left:var(--global-content-edge-padding);padding-right:var(--global-content-edge-padding);padding-top:var(--global-kb-spacing-sm, 1.5rem);padding-bottom:var(--global-kb-spacing-sm, 1.5rem);grid-template-columns:minmax(0, 1fr);}.kb-row-layout-id1517_d072d0-ee > .kt-row-layout-overlay{opacity:0.30;}@media all and (max-width: 1024px){.kb-row-layout-id1517_d072d0-ee > .kt-row-column-wrap{grid-template-columns:minmax(0, 1fr);}}@media all and (max-width: 767px){.kb-row-layout-id1517_d072d0-ee > .kt-row-column-wrap{grid-template-columns:minmax(0, 1fr);}}<\/style><div class=\"kb-row-layout-wrap kb-row-layout-id1517_d072d0-ee alignnone has-theme-palette1-background-color kt-row-has-bg wp-block-kadence-rowlayout\"><div class=\"kt-row-column-wrap kt-has-1-columns kt-row-layout-equal kt-tab-layout-inherit kt-mobile-layout-row kt-row-valign-top kb-theme-content-width\">\n<style>.kadence-column1517_667627-f4 > .kt-inside-inner-col,.kadence-column1517_667627-f4 > .kt-inside-inner-col:before{border-top-left-radius:0px;border-top-right-radius:0px;border-bottom-right-radius:0px;border-bottom-left-radius:0px;}.kadence-column1517_667627-f4 > .kt-inside-inner-col{column-gap:var(--global-kb-gap-sm, 1rem);}.kadence-column1517_667627-f4 > .kt-inside-inner-col{flex-direction:column;}.kadence-column1517_667627-f4 > .kt-inside-inner-col > .aligncenter{width:100%;}.kadence-column1517_667627-f4 > .kt-inside-inner-col:before{opacity:0.3;}.kadence-column1517_667627-f4{position:relative;}@media all and (max-width: 1024px){.kadence-column1517_667627-f4 > .kt-inside-inner-col{flex-direction:column;justify-content:center;}}@media all and (max-width: 767px){.kadence-column1517_667627-f4 > .kt-inside-inner-col{flex-direction:column;justify-content:center;}}<\/style>\n<div class=\"wp-block-kadence-column kadence-column1517_667627-f4\"><div class=\"kt-inside-inner-col\"><style>.wp-block-kadence-advancedheading.kt-adv-heading1517_5666ff-b2, .wp-block-kadence-advancedheading.kt-adv-heading1517_5666ff-b2[data-kb-block=\"kb-adv-heading1517_5666ff-b2\"]{text-align:center;font-size:var(--global-kb-font-size-xl, 3rem);font-style:normal;}.wp-block-kadence-advancedheading.kt-adv-heading1517_5666ff-b2 mark.kt-highlight, .wp-block-kadence-advancedheading.kt-adv-heading1517_5666ff-b2[data-kb-block=\"kb-adv-heading1517_5666ff-b2\"] mark.kt-highlight{font-style:normal;color:#f76a0c;-webkit-box-decoration-break:clone;box-decoration-break:clone;padding-top:0px;padding-right:0px;padding-bottom:0px;padding-left:0px;}.wp-block-kadence-advancedheading.kt-adv-heading1517_5666ff-b2 img.kb-inline-image, .wp-block-kadence-advancedheading.kt-adv-heading1517_5666ff-b2[data-kb-block=\"kb-adv-heading1517_5666ff-b2\"] img.kb-inline-image{width:150px;vertical-align:baseline;}<\/style>\n<h2 class=\"kt-adv-heading1517_5666ff-b2 wp-block-kadence-advancedheading has-theme-palette-9-color has-text-color\" data-kb-block=\"kb-adv-heading1517_5666ff-b2\"><em><strong>Regulamentul festivalului<\/strong><\/em><\/h2>\n\n\n\n<h3 class=\"wp-block-heading\">1. <strong>Admitere \u0219i participare<\/strong><\/h3>\n\n\n\n<ul class=\"wp-block-list\">\n<li>Admiterea \u00een incinta festivalului este posibil\u0103 numai cu o br\u0103\u021bar\u0103 valabil\u0103.<\/li>\n\n\n\n<li>Br\u0103\u021bara este personal\u0103 \u0219i netransferabil\u0103.<\/li>\n\n\n\n<li>Organizatorii \u00ee\u0219i rezerv\u0103 dreptul de a refuza accesul persoanelor care \u00eencalc\u0103 regulile sau se comport\u0103 inadecvat.<\/li>\n<\/ul>\n\n\n\n<h3 class=\"wp-block-heading\">2. <strong>Programul festivalului:<\/strong><\/h3>\n\n\n\n<ul class=\"wp-block-list\">\n<li>11:00 \u2013 18:00 \u2192 ateliere, conferin\u021be, activit\u0103\u021bi culturale \u0219i educa\u021bionale<\/li>\n\n\n\n<li>18:00 \u2013 23:00 \u2192 concerte \u0219i programe muzicale<\/li>\n<\/ul>\n\n\n\n<h3 class=\"wp-block-heading\"><strong>3. Siguran\u021b\u0103 \u0219i reguli de conduit\u0103<\/strong><\/h3>\n\n\n\n<ul class=\"wp-block-list\">\n<li>To\u021bi participan\u021bii sunt obliga\u021bi s\u0103 se comporte \u00eentr-o manier\u0103 pa\u0219nic\u0103 \u0219i civilizat\u0103 \u00een incinta festivalului<\/li>\n\n\n\n<li>Organizatorii vor pune la dispozi\u021bie un punct de prim ajutor.<\/li>\n\n\n\n<li>\u00cen caz de urgen\u021b\u0103, urma\u021bi instruc\u021biunile personalului de securitate \u0219i rutele de evacuare desemnate.<\/li>\n\n\n\n<li>Este interzis\u0103 introducerea urm\u0103toarelor obiecte \u00een zona festivalului:<\/li>\n\n\n\n<li>arme, explozibili, dispozitive pirotehnice,<\/li>\n\n\n\n<li>droguri sau substan\u021be ilegale,<\/li>\n\n\n\n<li>obiecte din sticl\u0103, obiecte mari care pot reprezenta un pericol.<\/li>\n\n\n\n<li>Personalul de securitate va verifica intrarea \u0219i este autorizat s\u0103 \u00eendep\u0103rteze orice persoan\u0103 care \u00eencalc\u0103 regulile.<\/li>\n\n\n\n<li>To\u021bi vizitatorii din incinta festivalului sunt obliga\u021bi s\u0103 protejeze mediul \u0219i s\u0103 arunce gunoiul \u00een punctele de colectare desemnate.<\/li>\n\n\n\n<li>Programe de zi (10:00 \u2013 18:00)<\/li>\n\n\n\n<li>Activit\u0103\u021bile (ateliere, prelegeri, prezent\u0103ri) necesit\u0103 o participare activ\u0103, dar civilizat\u0103.<\/li>\n\n\n\n<li>Este interzis\u0103 perturbarea prezent\u0103rilor cu zgomot, telefoane mobile sau ie\u0219iri \u0219i intr\u0103ri frecvente<\/li>\n\n\n\n<li>Programe de sear\u0103 (18:00 \u2013 23:00)<\/li>\n\n\n\n<li>Participan\u021bii sunt ruga\u021bi s\u0103 evite \u00eempingerea \u0219i \u00eenghesuiala periculoas\u0103.<\/li>\n<\/ul>\n\n\n\n<h3 class=\"wp-block-heading\">4. Consumul de alcool \u0219i fumatul<\/h3>\n\n\n\n<ul class=\"wp-block-list\">\n<li>Alcoolul poate fi servit numai persoanelor cu v\u00e2rsta peste 18 ani, pe baza prezent\u0103rii unui act de identitate valabil.<\/li>\n\n\n\n<li>Consumul \u0219i de\u021binerea de droguri sunt strict interzise.<\/li>\n\n\n\n<li>Fumatul este permis numai \u00een zonele desemnate.<\/li>\n<\/ul>\n\n\n\n<h3 class=\"wp-block-heading\">5. Br\u0103\u021b\u0103ri \u0219i bilete<\/h3>\n\n\n\n<ul class=\"wp-block-list\">\n<li>Br\u0103\u021b\u0103rile trebuie purtate \u00een permanen\u021b\u0103 pe durata festivalului, iar vizitatorii sunt responsabili pentru p\u0103strarea lor \u00een stare intact\u0103.<\/li>\n\n\n\n<li>Br\u0103\u021b\u0103rile deteriorate, \u00eendep\u0103rtate sau nevalabile nu sunt permise la eveniment.<\/li>\n<\/ul>\n\n\n\n<h3 class=\"wp-block-heading\">6. Comer\u021b \u0219i publicitate<\/h3>\n\n\n\n<ul class=\"wp-block-list\">\n<li>Activit\u0103\u021bile de v\u00e2nzare \u0219i publicitate pe terenul festivalului sunt permise numai cu acordul organizatorilor.<\/li>\n\n\n\n<li>V\u00e2nz\u0103rile, distribuirea de pliante \u0219i publicitatea neautorizate pot fi interzise de personalul de securitate.<\/li>\n<\/ul>\n\n\n\n<h3 class=\"wp-block-heading\">7. Fotografii \u0219i videoclipuri<\/h3>\n\n\n\n<ul class=\"wp-block-list\">\n<li>Organizatorii pot face fotografii \u0219i \u00eenregistr\u0103ri video \u00een timpul evenimentului. Participarea implic\u0103 consim\u021b\u0103m\u00e2ntul tacit pentru utilizarea acestora \u00een scopuri promo\u021bionale. <\/li>\n\n\n\n<li>Filmele \u0219i \u00eenregistr\u0103rile realizate de participan\u021bi nu pot fi utilizate \u00een scopuri comerciale f\u0103r\u0103 consim\u021b\u0103m\u00e2ntul organizatorilor.<\/li>\n<\/ul>\n\n\n\n<h3 class=\"wp-block-heading\">8. R\u0103spundere<\/h3>\n\n\n\n<ul class=\"wp-block-list\">\n<li>Participan\u021bii iau parte la festival pe propria r\u0103spundere.<\/li>\n\n\n\n<li>Organizatorii nu \u00ee\u0219i asum\u0103 nicio responsabilitate pentru obiectele pierdute, v\u0103t\u0103m\u0103rile corporale sau comportamentul vizitatorilor.<\/li>\n\n\n\n<li>\u00cen caz de accident sau \u00eemboln\u0103vire, serviciul de prim ajutor sau personalul de securitate trebuie s\u0103 fie anun\u021bat imediat.<\/li>\n<\/ul>\n\n\n\n<h3 class=\"wp-block-heading\">9. Dispozi\u021bii finale<\/h3>\n\n\n\n<ul class=\"wp-block-list\">\n<li>Organizatorii \u00ee\u0219i rezerv\u0103 dreptul de a modifica programul \u0219i regulile de admitere, anun\u021b\u00e2nd publicul \u00een prealabil.<\/li>\n\n\n\n<li>Regulile sunt obligatorii pentru to\u021bi vizitatorii.<\/li>\n\n\n\n<li>\u00cenc\u0103lcarea regulilor poate duce la expulzarea imediat\u0103 f\u0103r\u0103 rambursare.<\/li>\n\n\n\n<li>Prin achizi\u021bionarea unui bilet, vizitatorii sunt de acord s\u0103 respecte regulile.<\/li>\n\n\n\n<li>Participan\u021bii sunt ruga\u021bi s\u0103 se comporte civilizat \u0219i s\u0103 urmeze instruc\u021biunile organizatorilor \u0219i ale personalului de securitate.<\/li>\n<\/ul>\n<\/div><\/div>\n\n<\/div><\/div>","protected":false},"excerpt":{"rendered":"<p>Regulamentul festivalului 1. Admitere \u0219i participare 2. Programul festivalului: 3. Siguran\u021b\u0103 \u0219i reguli de conduit\u0103 4. Consumul de alcool \u0219i fumatul 5. Br\u0103\u021b\u0103ri \u0219i bilete 6. Comer\u021b \u0219i publicitate 7. Fotografii \u0219i videoclipuri 8. R\u0103spundere 9. Dispozi\u021bii finale<\/p>\n","protected":false},"author":1,"featured_media":0,"parent":0,"menu_order":0,"comment_status":"closed","ping_status":"closed","template":"","meta":{"_acf_changed":false,"_kad_blocks_custom_css":"","_kad_blocks_head_custom_js":"","_kad_blocks_body_custom_js":"","_kad_blocks_footer_custom_js":"","_kad_post_transparent":"","_kad_post_title":"","_kad_post_layout":"","_kad_post_sidebar_id":"","_kad_post_content_style":"","_kad_post_vertical_padding":"","_kad_post_feature":"","_kad_post_feature_position":"","_kad_post_header":false,"_kad_post_footer":false,"_kad_post_classname":"","footnotes":""},"class_list":["post-1529","page","type-page","status-publish","hentry"],"acf":[],"taxonomy_info":[],"featured_image_src_large":false,"author_info":{"display_name":"taki","author_link":"https:\/\/mindformers.ro\/ro\/author\/taki\/"},"comment_info":0,"_links":{"self":[{"href":"https:\/\/mindformers.ro\/ro\/wp-json\/wp\/v2\/pages\/1529","targetHints":{"allow":["GET"]}}],"collection":[{"href":"https:\/\/mindformers.ro\/ro\/wp-json\/wp\/v2\/pages"}],"about":[{"href":"https:\/\/mindformers.ro\/ro\/wp-json\/wp\/v2\/types\/page"}],"author":[{"embeddable":true,"href":"https:\/\/mindformers.ro\/ro\/wp-json\/wp\/v2\/users\/1"}],"replies":[{"embeddable":true,"href":"https:\/\/mindformers.ro\/ro\/wp-json\/wp\/v2\/comments?post=1529"}],"version-history":[{"count":3,"href":"https:\/\/mindformers.ro\/ro\/wp-json\/wp\/v2\/pages\/1529\/revisions"}],"predecessor-version":[{"id":1559,"href":"https:\/\/mindformers.ro\/ro\/wp-json\/wp\/v2\/pages\/1529\/revisions\/1559"}],"wp:attachment":[{"href":"https:\/\/mindformers.ro\/ro\/wp-json\/wp\/v2\/media?parent=1529"}],"curies":[{"name":"wp","href":"https:\/\/api.w.org\/{rel}","templated":true}]}}